{"id":270,"date":"2020-04-12T16:09:44","date_gmt":"2020-04-12T14:09:44","guid":{"rendered":"http:\/\/yuko-osawa.com\/?page_id=270"},"modified":"2023-01-02T15:40:20","modified_gmt":"2023-01-02T14:40:20","slug":"biographie","status":"publish","type":"page","link":"https:\/\/yuko-osawa.com\/fr\/biographie\/","title":{"rendered":"Biographie"},"content":{"rendered":"\n<p>\u201cPourquoi moi, japonaise, je joue aujourd\u2019hui de la musique classique vieille de plusieurs si\u00e8cles de l\u2019autre c\u00f4t\u00e9 du monde ?\u201d Une question qui interpelle Yuko depuis ses 5 ans et la guide jusqu\u2019\u00e0 maintenant.<\/p>\n\n\n<div class=\"wp-block-image\">\n<figure class=\"alignright size-full\"><img decoding=\"async\" width=\"200\" height=\"301\" data-src=\"https:\/\/yuko-osawa.com\/wp-content\/uploads\/2023\/01\/IMG_0217-mini.jpg\" alt=\"\" class=\"wp-image-876 lazyload\" src=\"data:image\/gif;base64,R0lGODlhAQABAAAAACH5BAEKAAEALAAAAAABAAEAAAICTAEAOw==\" style=\"--smush-placeholder-width: 200px; --smush-placeholder-aspect-ratio: 200\/301;\" \/><\/figure><\/div>\n\n\n<p>Sa curiosit\u00e9 philosophique l\u2019am\u00e8ne en licence d\u2019esth\u00e9tique \u00e0 la facult\u00e9 de litt\u00e9rature de l\u2019Universit\u00e9 de Tokyo o\u00f9 elle \u00e9crit un m\u00e9moire qui analyse le conflit entre la musicologie actuelle, notamment o\u00f9 les anciennes m\u00e9thodes divinisant les compositeurs sont critiqu\u00e9es, et l\u2019ex\u00e9cution de la musique classique reposant justement souvent sur leur divinisation.&nbsp;<\/p>\n\n\n\n<p>Yuko entre au cours de ma\u00eetrise de la Musashino Academia Musicae afin de devenir pianiste professionnelle. Elle y d\u00e9couvre le chant lyrique en devenant pianiste accompagnatrice d\u2019un soprano. Adorant et la musique et la litt\u00e9rature, elle appr\u00e9cie de pouvoir faire les deux en accompagnant le chant lyrique. En parall\u00e8le, elle y rencontre Junji Mitsuishi, dont l\u2019enseignement fascine Yuko : analyses th\u00e9oriques de la musique, interpr\u00e9tation historique et sociologique, r\u00e9flexion profonde de la psychologie humaine et des techniques concr\u00e8tes pour r\u00e9aliser toutes ces pr\u00e9parations dans la musique\u2026 Yuko sent, comme jamais, que la musique classique est quelque chose de vivant et qu\u2019elle peut y contribuer. Elle d\u00e9cide de suivre ses pas en devenant \u201cchef de chant\u201d.<\/p>\n\n\n\n<p>Avec son master de piano solo, durant 5 ans, Yuko se produit dans des r\u00e9citals, seule ou en duo avec un soprano, et dans des accompagnements d\u2019op\u00e9ras. Elle constate que, sans le contexte, la musique classique est rapidement fade, morte, et comme fig\u00e9e dans un lointain pass\u00e9, et non forc\u00e9ment v\u00e9cue tant par les interpr\u00e8tes que le public. Debussy, Poulenc, Ravel\u2026 le r\u00e9pertoire vocal fran\u00e7ais qui int\u00e9resse Yuko est moins accept\u00e9 au Japon, aussi se d\u00e9cide-t-elle \u00e0 se former directement \u00e0 la source.<\/p>\n\n\n\n<p>\u00c0 29 ans, Yuko quitte son poste et sa famille au Japon pour s\u2019installer \u00e0 Paris. \u00c0 l\u2019\u00c9cole normale de musique de Paris et aux conservatoires municipaux de Paris (1, 10, 12), elle perfectionne ses techniques d\u2019accompagnement et aiguise son sens de la langue afin de coacher des chanteurs. Yuko accepte toutes les occasions de gagner en exp\u00e9riences : accompagnement ou assistante pianiste des petits projets <em>Cos\u00ec fan tutte<\/em>, <em>La Boh\u00e8me<\/em>, <em>La fl\u00fbte enchant\u00e9e<\/em>, <em>Pell\u00e9as et M\u00e9lisande<\/em>, etc. Depuis 2017, elle accompagne les classes de chant des conservatoires de Chaumont, de Cachan, d&rsquo;Athis-Mons et d&rsquo;Orl\u00e9ans.<\/p>\n\n\n\n<p>Elle garde comme pr\u00e9cieux souvenir, son premier concert \u00e0 Paris o\u00f9 le public \u00e9clate de rire suite aux paroles ubuesques d\u2019une m\u00e9lodie fran\u00e7aise. \u201cIci, la musique classique est vivante et v\u00e9cue. Je voudrais que plus de gens puissent la vivre\u201d.<\/p>\n\n\n\n<p>Cette envie lui fait rencontrer Maruska Le Moing et Tiphaine Chevallier, avec qui elle monte le spectacle lyrique \u201cRencontres\u201d, performance de chant lyrique \u00e0 destination des espaces publics. C\u2019est le d\u00e9but de nombreux spectacles et projets : spectacle \u201cYoukali\u201d, pour le jeune public ; \u201cCasse-toi, Diva !\u201d, un spectacle humoristique tout public\u2026 Vivre de la musique et de ses paroles, et les partager : forte de cette passion ramen\u00e9e depuis le Japon, elle continue, depuis la France, ses activit\u00e9s multiples comme chef de chant et pianiste.<\/p>\n\n\n\n<div class=\"wp-block-file\"><a href=\"https:\/\/yuko-osawa.com\/wp-content\/uploads\/2021\/01\/osawa_cv_092020_site.pdf\" class=\"wp-block-file__button wp-element-button\" download>T\u00e9l\u00e9charger mon CV<\/a><\/div>\n\n\n\n<p><\/p>\n","protected":false},"excerpt":{"rendered":"<p>\u201cPourquoi moi, japonaise, je joue aujourd\u2019hui de la musique classique vieille de plusieurs si\u00e8cles de l\u2019autre c\u00f4t\u00e9 du monde ?\u201d Une question qui interpelle Yuko depuis ses 5 ans et la guide jusqu\u2019\u00e0 maintenant. Sa curiosit\u00e9 philosophique l\u2019am\u00e8ne en licence d\u2019esth\u00e9tique \u00e0 la facult\u00e9 de litt\u00e9rature de l\u2019Universit\u00e9 de Tokyo o\u00f9 elle \u00e9crit un m\u00e9moire&hellip;<\/p>\n","protected":false},"author":2,"featured_media":0,"parent":0,"menu_order":0,"comment_status":"closed","ping_status":"closed","template":"","meta":{"footnotes":""},"class_list":["post-270","page","type-page","status-publish","hentry"],"_links":{"self":[{"href":"https:\/\/yuko-osawa.com\/fr\/wp-json\/wp\/v2\/pages\/270","targetHints":{"allow":["GET"]}}],"collection":[{"href":"https:\/\/yuko-osawa.com\/fr\/wp-json\/wp\/v2\/pages"}],"about":[{"href":"https:\/\/yuko-osawa.com\/fr\/wp-json\/wp\/v2\/types\/page"}],"author":[{"embeddable":true,"href":"https:\/\/yuko-osawa.com\/fr\/wp-json\/wp\/v2\/users\/2"}],"replies":[{"embeddable":true,"href":"https:\/\/yuko-osawa.com\/fr\/wp-json\/wp\/v2\/comments?post=270"}],"version-history":[{"count":16,"href":"https:\/\/yuko-osawa.com\/fr\/wp-json\/wp\/v2\/pages\/270\/revisions"}],"predecessor-version":[{"id":878,"href":"https:\/\/yuko-osawa.com\/fr\/wp-json\/wp\/v2\/pages\/270\/revisions\/878"}],"wp:attachment":[{"href":"https:\/\/yuko-osawa.com\/fr\/wp-json\/wp\/v2\/media?parent=270"}],"curies":[{"name":"wp","href":"https:\/\/api.w.org\/{rel}","templated":true}]}}