{"id":109,"date":"2020-03-23T12:53:20","date_gmt":"2020-03-23T11:53:20","guid":{"rendered":"http:\/\/yuko-osawa.com\/politique-de-confidentialite\/"},"modified":"2020-03-23T12:53:20","modified_gmt":"2020-03-23T11:53:20","slug":"politique-de-confidentialite","status":"publish","type":"page","link":"https:\/\/yuko-osawa.com\/fr\/politique-de-confidentialite\/","title":{"rendered":"Politique de confidentialit\u00e9"},"content":{"rendered":"\n<h2 class=\"wp-block-heading\">Qui nous sommes<\/h2>\n\n<p>Notre site web est: https:\/\/yuko-osawa.com.<\/p>\n\n<h2 class=\"wp-block-heading\">Quelles donn\u00e9es personnelles nous collectons et pourquoi<\/h2>\n\n<h3 class=\"wp-block-heading\">Formulaire de contact<\/h3>\n\n<p>Lorsque des visiteurs s&rsquo;enregistrent \u00e0 la newsletter via le formulaire, nous collectons les donn\u00e9es du formulaires, ainsi que l&rsquo;adresse IP et le browser user agent pour nous aider dans la d\u00e9tection de spam.<\/p>\n\n<h3 class=\"wp-block-heading\">Newsletter<\/h3>\n\n<p>Lorsque des visiteurs s&rsquo;enregistrent \u00e0 la newsletter via le formulaire, nous collections les donn\u00e9es fournies dans le formulaire ainsi que l&rsquo;adresse IP et le browser user agent pour nous aider \u00e0 d\u00e9tecter d&rsquo;\u00e9ventuels bots.<\/p>\n\n<h3 class=\"wp-block-heading\">Contenu embarqu\u00e9 depuis d&rsquo;autres sites<\/h3>\n\n<p>Les pages sur ce site peuvent contenir des contenus embarqu\u00e9s (e.g. vid\u00e9os, images, articles, etc&#8230;). Les contenus embarqu\u00e9es depuis d&rsquo;autres sites se comportent exactement comme si le visiteur visitait l&rsquo;autre site.<\/p>\n\n<p>Ces sites peuvent potentiellement collecter des donn\u00e9es sur vous, utiliser des cookies, embarquer des outils de tracking et suivre vos interaction avec le contenu embarqu\u00e9, d&rsquo;autant plus si vous avez un compte et \u00eates loger sur cet autre site.<\/p>\n\n<h2 class=\"wp-block-heading\">Avec qui nous partageons vos donn\u00e9es<\/h2>\n\n<p>A l&rsquo;exception des donn\u00e9es collect\u00e9es indirectement par d&rsquo;\u00e9ventuel contenu embarqu\u00e9es, nous ne partageons pas vos donn\u00e9es avec des tiers.<\/p>\n\n<h2 class=\"wp-block-heading\">Combien de temps nous conservons vos donn\u00e9es<\/h2>\n\n<p>Si vous laissez un message, les donn\u00e9es ne sont stock\u00e9es que temporairement dans le but de d\u00e9tecter d&rsquo;\u00e9ventuel messages de spam.<\/p>\n\n<p>Pour les visiteurs inscrits \u00e0 la newsletter, nous stockons les donn\u00e9es personnelles fournit par eux pour leur profile. Tout utilisateur peut voir, \u00e9diter ou supprimer ses donn\u00e9es personnelles \u00e0 n&rsquo;importe quel moment. Les administrateurs du site peuvent \u00e9galement voir et \u00e9diter ces informations.<\/p>\n\n<h2 class=\"wp-block-heading\">Quels sont vos droits sur vos donn\u00e9es<\/h2>\n\n<p>Si vous vous \u00eates inscrit \u00e0 la newsletter, vous pouvez demander un export de fichier contenant toutes les donn\u00e9es personnelles que nous avons sur vous, y compris les donn\u00e9es que vous nous avez fourni. Vous pouvez \u00e9galement demander de supprimer n&rsquo;importe quelles donn\u00e9es personnelles que nous avons sur vous, \u00e0 l&rsquo;exception des donn\u00e9es que nous devons garder pour des besoins administratif, l\u00e9gal ou de s\u00e9curit\u00e9.<\/p>\n\n<h2 class=\"wp-block-heading\">O\u00f9 vos donn\u00e9es sont envoy\u00e9es<\/h2>\n\n<p>Les messages des visiteurs peuvent \u00eatre valid\u00e9 \u00e0 travers un service de d\u00e9tection de spam automatique.<\/p>\n","protected":false},"excerpt":{"rendered":"<p>Qui nous sommes Notre site web est: https:\/\/yuko-osawa.com. Quelles donn\u00e9es personnelles nous collectons et pourquoi Formulaire de contact Lorsque des visiteurs s&rsquo;enregistrent \u00e0 la newsletter via le formulaire, nous collectons les donn\u00e9es du formulaires, ainsi que l&rsquo;adresse IP et le browser user agent pour nous aider dans la d\u00e9tection de spam. Newsletter Lorsque des visiteurs&hellip;<\/p>\n","protected":false},"author":1,"featured_media":0,"parent":0,"menu_order":0,"comment_status":"closed","ping_status":"open","template":"","meta":{"footnotes":""},"class_list":["post-109","page","type-page","status-publish","hentry"],"_links":{"self":[{"href":"https:\/\/yuko-osawa.com\/fr\/wp-json\/wp\/v2\/pages\/109","targetHints":{"allow":["GET"]}}],"collection":[{"href":"https:\/\/yuko-osawa.com\/fr\/wp-json\/wp\/v2\/pages"}],"about":[{"href":"https:\/\/yuko-osawa.com\/fr\/wp-json\/wp\/v2\/types\/page"}],"author":[{"embeddable":true,"href":"https:\/\/yuko-osawa.com\/fr\/wp-json\/wp\/v2\/users\/1"}],"replies":[{"embeddable":true,"href":"https:\/\/yuko-osawa.com\/fr\/wp-json\/wp\/v2\/comments?post=109"}],"version-history":[{"count":1,"href":"https:\/\/yuko-osawa.com\/fr\/wp-json\/wp\/v2\/pages\/109\/revisions"}],"predecessor-version":[{"id":110,"href":"https:\/\/yuko-osawa.com\/fr\/wp-json\/wp\/v2\/pages\/109\/revisions\/110"}],"wp:attachment":[{"href":"https:\/\/yuko-osawa.com\/fr\/wp-json\/wp\/v2\/media?parent=109"}],"curies":[{"name":"wp","href":"https:\/\/api.w.org\/{rel}","templated":true}]}}